{"id":112,"date":"2011-12-15T11:20:24","date_gmt":"2011-12-15T11:20:24","guid":{"rendered":"http:\/\/waaijenberg.li\/loeg_wien\/?page_id=112"},"modified":"2024-05-08T22:52:03","modified_gmt":"2024-05-08T20:52:03","slug":"willkommen","status":"publish","type":"page","link":"http:\/\/www.loegwien.at\/","title":{"rendered":"Herzlich Willkommen auf der L\u00d6G Website!"},"content":{"rendered":"<p>Woran denken Sie wenn Sie von Luxemburg h\u00f6ren? Kleines, reiches Land im Westen Europas? Bedeutender Finanzplatz und Sitz wichtiger EU-Institutionen? Schengen? Diese bekannten Begriffe repr\u00e4sentieren die internationale Bedeutung des einzigen bestehenden Gro\u00dfherzogtums auf der Welt. Insgesamt leben 672.000 Einwohner im ganzen Land, davon 135.000 in der Hauptstadt Luxemburg. Wie leben die Menschen dort und worin besteht ihre kulturelle Identit\u00e4t?<\/p>\n<p><a href=\"http:\/\/www.loegwien.at\/?attachment_id=1304\" rel=\"attachment wp-att-1304\"><img loading=\"lazy\" decoding=\"async\" title=\"Startfoto2\" src=\"http:\/\/www.loegwien.at\/wp-content\/uploads\/Startfoto2-640x249.png\" alt=\"\" width=\"640\" height=\"249\" \/><\/a>1994 wurde die Luxemburgisch-\u00f6sterreichische Gesellschaft (L\u00d6G) in Wien gegr\u00fcndet. Sie steht f\u00fcr kulturellen und gesellschaftlichen Austausch zwischen Oesterreich und Luxemburg. Hierzu werden Veranstaltungen im Bereich Musik, Theater, Lesungen und Ausstellungen mit Luxemburger Kunstschaffenden organisiert. Wenn Sie mehr \u00fcber Luxemburg und seine Leute erfahren m\u00f6chten schauen Sie doch \u00f6fter auf unserer Website vorbei\u00a0und werden Sie Mitglied bei der Luxemburgisch-\u00d6sterreichischen Gesellschaft!<\/p>\n<div><\/div>\n","protected":false},"excerpt":{"rendered":"<p>Woran denken Sie wenn Sie von Luxemburg h\u00f6ren? Kleines, reiches Land im Westen Europas? Bedeutender Finanzplatz und Sitz wichtiger EU-Institutionen? Schengen? Diese bekannten Begriffe repr\u00e4sentieren die internationale Bedeutung des einzigen bestehenden Gro\u00dfherzogtums auf der Welt. Insgesamt leben 672.000 Einwohner im &hellip; <a href=\"http:\/\/www.loegwien.at\/\">Continue reading <span class=\"meta-nav\">&rarr;<\/span><\/a><\/p>\n","protected":false},"author":1,"featured_media":0,"parent":0,"menu_order":0,"comment_status":"closed","ping_status":"open","template":"","meta":{"footnotes":""},"class_list":["post-112","page","type-page","status-publish","hentry"],"_links":{"self":[{"href":"http:\/\/www.loegwien.at\/index.php?rest_route=\/wp\/v2\/pages\/112","targetHints":{"allow":["GET"]}}],"collection":[{"href":"http:\/\/www.loegwien.at\/index.php?rest_route=\/wp\/v2\/pages"}],"about":[{"href":"http:\/\/www.loegwien.at\/index.php?rest_route=\/wp\/v2\/types\/page"}],"author":[{"embeddable":true,"href":"http:\/\/www.loegwien.at\/index.php?rest_route=\/wp\/v2\/users\/1"}],"replies":[{"embeddable":true,"href":"http:\/\/www.loegwien.at\/index.php?rest_route=%2Fwp%2Fv2%2Fcomments&post=112"}],"version-history":[{"count":60,"href":"http:\/\/www.loegwien.at\/index.php?rest_route=\/wp\/v2\/pages\/112\/revisions"}],"predecessor-version":[{"id":2820,"href":"http:\/\/www.loegwien.at\/index.php?rest_route=\/wp\/v2\/pages\/112\/revisions\/2820"}],"wp:attachment":[{"href":"http:\/\/www.loegwien.at\/index.php?rest_route=%2Fwp%2Fv2%2Fmedia&parent=112"}],"curies":[{"name":"wp","href":"https:\/\/api.w.org\/{rel}","templated":true}]}}